{"id":497,"date":"2017-06-28T07:16:03","date_gmt":"2017-06-28T07:16:03","guid":{"rendered":"http:\/\/wordpresstheme.net\/dump\/?page_id=497"},"modified":"2023-09-04T02:29:42","modified_gmt":"2023-09-04T02:29:42","slug":"sobre-nosotros","status":"publish","type":"page","link":"https:\/\/www.abogadosenarequipa.com\/index.php\/sobre-nosotros\/","title":{"rendered":"Sobre Nosotros"},"content":{"rendered":"<section class=\"wpb-content-wrapper\"><p>[vc_row full_width=&#8221;stretch_row&#8221; css=&#8221;.vc_custom_1498634670376{margin-top: 0px !important;margin-bottom: 0px !important;padding-top: 70px !important;padding-bottom: 30px !important;background-color: #ffffff !important;}&#8221;][vc_column width=&#8221;2\/3&#8243; css=&#8221;.vc_custom_1498634650611{margin-top: 0px !important;margin-bottom: 40px !important;padding-top: 0px !important;padding-bottom: 0px !important;}&#8221;][vc_custom_heading text=&#8221;Abogados Arequipa A. P. &amp; C.&#8221; font_container=&#8221;tag:h1|text_align:left&#8221; use_theme_fonts=&#8221;yes&#8221; css=&#8221;.vc_custom_1693420470615{margin-top: 0px !important;margin-bottom: 18px !important;}&#8221;][vc_single_image image=&#8221;1323&#8243; img_size=&#8221;full&#8221; css=&#8221;.vc_custom_1513073804793{margin-top: 0px !important;margin-bottom: 0px !important;padding-top: 0px !important;padding-bottom: 0px !important;}&#8221;][vc_column_text css=&#8221;.vc_custom_1693420464087{margin-top: 0px !important;margin-bottom: 30px !important;}&#8221; el_class=&#8221;home-welcome-text&#8221;]En <strong>Abogados Arequipa A. P. &amp; C.<\/strong>, nos enorgullecemos de ofrecer servicios legales excepcionales y personalizados a nuestros clientes. Nuestro equipo de abogados altamente calificados est\u00e1 comprometido en brindar asesoramiento legal s\u00f3lido y representaci\u00f3n efectiva en una variedad de \u00e1reas del derecho.[\/vc_column_text][vc_custom_heading text=&#8221;Nuestra Misi\u00f3n:&#8221; font_container=&#8221;tag:h3|text_align:left&#8221; use_theme_fonts=&#8221;yes&#8221; css=&#8221;.vc_custom_1693420482230{margin-top: 0px !important;margin-bottom: 25px !important;}&#8221;][vc_column_text css=&#8221;.vc_custom_1693420495537{margin-top: 0px !important;margin-bottom: 30px !important;}&#8221; el_class=&#8221;home-welcome-text&#8221;]Nuestra misi\u00f3n es proporcionar soluciones legales confiables y eficientes que aborden las necesidades \u00fanicas de cada cliente. Creemos en la importancia de la comunicaci\u00f3n abierta y transparente, y trabajamos en estrecha colaboraci\u00f3n con nuestros clientes para comprender sus objetivos y preocupaciones legales.[\/vc_column_text][vc_custom_heading text=&#8221;Experiencia y Especializaci\u00f3n:&#8221; font_container=&#8221;tag:h3|text_align:left&#8221; use_theme_fonts=&#8221;yes&#8221; css=&#8221;.vc_custom_1693420508784{margin-top: 0px !important;margin-bottom: 25px !important;}&#8221;][vc_column_text css=&#8221;.vc_custom_1693420536797{margin-top: 0px !important;margin-bottom: 30px !important;}&#8221; el_class=&#8221;home-welcome-text&#8221;]Con a\u00f1os de experiencia en el campo legal, nuestro equipo ha manejado una amplia gama de casos y situaciones legales. Nos hemos especializado en \u00e1reas lo que nos permite ofrecer un conocimiento profundo y actualizado en estos campos.[\/vc_column_text][vc_custom_heading text=&#8221;Compromiso con la Excelencia:&#8221; font_container=&#8221;tag:h3|text_align:left&#8221; use_theme_fonts=&#8221;yes&#8221; css=&#8221;.vc_custom_1693420880252{margin-top: 0px !important;margin-bottom: 25px !important;}&#8221;][vc_column_text css=&#8221;.vc_custom_1693420905807{margin-top: 0px !important;margin-bottom: 0px !important;}&#8221; el_class=&#8221;home-welcome-text&#8221;]En <strong>Abogados Arequipa A. P. &amp; C.<\/strong>, nos esforzamos por la excelencia en todo lo que hacemos. Desde la investigaci\u00f3n legal exhaustiva hasta la preparaci\u00f3n meticulosa de documentos y la representaci\u00f3n en el tribunal, buscamos superar las expectativas de nuestros clientes en t\u00e9rminos de calidad y resultados.[\/vc_column_text][\/vc_column][vc_column width=&#8221;1\/3&#8243; css=&#8221;.vc_custom_1498634658250{margin-top: 0px !important;margin-bottom: 40px !important;padding-top: 0px !important;padding-bottom: 0px !important;}&#8221;][vc_single_image image=&#8221;1633&#8243; img_size=&#8221;large&#8221;][vc_row_inner css=&#8221;.vc_custom_1513073905309{margin-top: 0px !important;margin-right: 0px !important;margin-bottom: 30px !important;margin-left: 0px !important;padding-top: 25px !important;padding-right: 30px !important;padding-bottom: 30px !important;padding-left: 30px !important;background-color: #1a202d !important;}&#8221;][vc_column_inner css=&#8221;.vc_custom_1498638825356{padding-top: 0px !important;padding-right: 0px !important;padding-bottom: 0px !important;padding-left: 0px !important;}&#8221;][vc_custom_heading text=&#8221;Consultar&#8221; font_container=&#8221;tag:h3|font_size:30px|text_align:center|color:%23f8d065|line_height:40px&#8221; use_theme_fonts=&#8221;yes&#8221; css=&#8221;.vc_custom_1693794409993{margin-top: 0px !important;margin-bottom: 25px !important;padding-right: 20px !important;padding-left: 20px !important;}&#8221;][vc_column_text el_class=&#8221;home-welcome-text white&#8221; css=&#8221;.vc_custom_1693794575365{margin-top: -25px !important;}&#8221;]<\/p>\n<p style=\"text-align: center;\">Consulta tu caso con nosotros<\/p>\n<p>[\/vc_column_text]\n<div class=\"wpcf7 no-js\" id=\"wpcf7-f514-o1\" lang=\"en-US\" dir=\"ltr\">\n<div class=\"screen-reader-response\"><p role=\"status\" aria-live=\"polite\" aria-atomic=\"true\"><\/p> <ul><\/ul><\/div>\n<form action=\"\/index.php\/wp-json\/wp\/v2\/pages\/497#wpcf7-f514-o1\" method=\"post\" class=\"wpcf7-form init\" aria-label=\"Contact form\" novalidate=\"novalidate\" data-status=\"init\">\n<div style=\"display: none;\">\n<input type=\"hidden\" name=\"_wpcf7\" value=\"514\" \/>\n<input type=\"hidden\" name=\"_wpcf7_version\" value=\"5.8\" \/>\n<input type=\"hidden\" name=\"_wpcf7_locale\" value=\"en_US\" \/>\n<input type=\"hidden\" name=\"_wpcf7_unit_tag\" value=\"wpcf7-f514-o1\" \/>\n<input type=\"hidden\" name=\"_wpcf7_container_post\" value=\"0\" \/>\n<input type=\"hidden\" name=\"_wpcf7_posted_data_hash\" value=\"\" \/>\n<\/div>\n<div class=\"contact-form about-concept-one\">\n\t<div class=\"form-row\">\n\t\t<p><span class=\"wpcf7-form-control-wrap\" data-name=\"Name\"><input size=\"40\" class=\"wpcf7-form-control wpcf7-text wpcf7-validates-as-required\" aria-required=\"true\" aria-invalid=\"false\" placeholder=\"Nombre y Apellidos\" value=\"\" type=\"text\" name=\"Name\" \/><\/span>\n\t\t<\/p>\n\t<\/div>\n\t<div class=\"form-row\">\n\t\t<p><span class=\"wpcf7-form-control-wrap\" data-name=\"Email\"><input size=\"40\" class=\"wpcf7-form-control wpcf7-email wpcf7-validates-as-required wpcf7-text wpcf7-validates-as-email\" aria-required=\"true\" aria-invalid=\"false\" placeholder=\"Correo electr\u00f3nico\" value=\"\" type=\"email\" name=\"Email\" \/><\/span>\n\t\t<\/p>\n\t<\/div>\n\t<div class=\"form-row\">\n\t\t<p><span class=\"wpcf7-form-control-wrap\" data-name=\"Phone\"><input size=\"40\" class=\"wpcf7-form-control wpcf7-tel wpcf7-text wpcf7-validates-as-tel\" aria-invalid=\"false\" placeholder=\"N\u00famero de tel\u00e9fono\" value=\"\" type=\"tel\" name=\"Phone\" \/><\/span>\n\t\t<\/p>\n\t<\/div>\n\t<div class=\"form-row\">\n\t\t<p><span class=\"wpcf7-form-control-wrap\" data-name=\"BriefDescription\"><textarea cols=\"40\" rows=\"10\" class=\"wpcf7-form-control wpcf7-textarea wpcf7-validates-as-required\" aria-required=\"true\" aria-invalid=\"false\" placeholder=\"Breve descripci\u00f3n de su caso legal\" name=\"BriefDescription\"><\/textarea><\/span>\n\t\t<\/p>\n\t<\/div>\n\t<div class=\"form-row last button\">\n\t\t<center>\n\t\t\t<p><input class=\"wpcf7-form-control wpcf7-submit has-spinner\" type=\"submit\" value=\"Enviar\" \/>\n\t\t\t<\/p>\n\t\t<\/center>\n\t<\/div>\n<\/div><div class=\"wpcf7-response-output\" aria-hidden=\"true\"><\/div>\n<\/form>\n<\/div>\n[\/vc_column_inner][\/vc_row_inner][\/vc_column][\/vc_row]<\/p>\n<\/section>","protected":false},"excerpt":{"rendered":"<p>[vc_row full_width=&#8221;stretch_row&#8221; css=&#8221;.vc_custom_1498634670376{margin-top: 0px !important;margin-bottom: 0px !important;padding-top: 70px !important;padding-bottom: 30px !important;background-color: #ffffff !important;}&#8221;][vc_column width=&#8221;2\/3&#8243; css=&#8221;.vc_custom_1498634650611{margin-top: 0px !important;margin-bottom: 40px !important;padding-top: 0px !important;padding-bottom: 0px !important;}&#8221;][vc_custom_heading text=&#8221;Abogados Arequipa A. P. &amp; C.&#8221; font_container=&#8221;tag:h1|text_align:left&#8221; use_theme_fonts=&#8221;yes&#8221; css=&#8221;.vc_custom_1693420470615{margin-top: 0px !important;margin-bottom: 18px !important;}&#8221;][vc_single_image image=&#8221;1323&#8243; img_size=&#8221;full&#8221; css=&#8221;.vc_custom_1513073804793{margin-top: 0px !important;margin-bottom: 0px !important;padding-top: 0px !important;padding-bottom: 0px !important;}&#8221;][vc_column_text css=&#8221;.vc_custom_1693420464087{margin-top: 0px !important;margin-bottom: 30px !important;}&#8221; el_class=&#8221;home-welcome-text&#8221;]En Abogados Arequipa [&hellip;]<\/p>\n","protected":false},"author":1,"featured_media":1419,"parent":0,"menu_order":0,"comment_status":"closed","ping_status":"closed","template":"","meta":{"_monsterinsights_skip_tracking":false,"_monsterinsights_sitenote_active":false,"_monsterinsights_sitenote_note":"","_monsterinsights_sitenote_category":0,"footnotes":""},"class_list":["post-497","page","type-page","status-publish","has-post-thumbnail","hentry"],"_links":{"self":[{"href":"https:\/\/www.abogadosenarequipa.com\/index.php\/wp-json\/wp\/v2\/pages\/497","targetHints":{"allow":["GET"]}}],"collection":[{"href":"https:\/\/www.abogadosenarequipa.com\/index.php\/wp-json\/wp\/v2\/pages"}],"about":[{"href":"https:\/\/www.abogadosenarequipa.com\/index.php\/wp-json\/wp\/v2\/types\/page"}],"author":[{"embeddable":true,"href":"https:\/\/www.abogadosenarequipa.com\/index.php\/wp-json\/wp\/v2\/users\/1"}],"replies":[{"embeddable":true,"href":"https:\/\/www.abogadosenarequipa.com\/index.php\/wp-json\/wp\/v2\/comments?post=497"}],"version-history":[{"count":18,"href":"https:\/\/www.abogadosenarequipa.com\/index.php\/wp-json\/wp\/v2\/pages\/497\/revisions"}],"predecessor-version":[{"id":1694,"href":"https:\/\/www.abogadosenarequipa.com\/index.php\/wp-json\/wp\/v2\/pages\/497\/revisions\/1694"}],"wp:featuredmedia":[{"embeddable":true,"href":"https:\/\/www.abogadosenarequipa.com\/index.php\/wp-json\/wp\/v2\/media\/1419"}],"wp:attachment":[{"href":"https:\/\/www.abogadosenarequipa.com\/index.php\/wp-json\/wp\/v2\/media?parent=497"}],"curies":[{"name":"wp","href":"https:\/\/api.w.org\/{rel}","templated":true}]}}